{"id":7770,"date":"2023-12-07T11:02:07","date_gmt":"2023-12-07T09:02:07","guid":{"rendered":"https:\/\/olo.fi\/?post_type=product&#038;p=7770"},"modified":"2026-04-27T14:57:20","modified_gmt":"2026-04-27T11:57:20","slug":"hemmottelupaketti-basic","status":"publish","type":"product","link":"https:\/\/olo.fi\/en\/product\/hemmottelupaketti-basic\/","title":{"rendered":"Hemmottelupaketti"},"content":{"rendered":"<p><strong>Hemmottelupaketti<\/strong><\/p>\n<p>Ihana hemmottelupaketti tarjouksessa itselle tai lahjaksi. Rentoutusta, palautumista ja energiaa samassa paketissa \u2013 t\u00e4ydellinen lahja \u00e4itienp\u00e4iv\u00e4\u00e4n.<\/p>\n<p>Sis\u00e4lt\u00e4\u00e4:<\/p>\n<ul>\n<li>Hieronta 50 min<\/li>\n<li>Intialainen p\u00e4\u00e4hieronta 45 min<\/li>\n<li>PT 55min (Ohjauskerran sis\u00e4lt\u00f6 suunnitellaan yksil\u00f6llisesti juuri sinun tarpeisiisi. Esimerkiksi ravinto-ohjaus, kuntosaliohjelma+ohjaus tai pt-treeni)<\/li>\n<\/ul>\n<p><strong>Kun ostat hemmottelupaketin itselle:<\/strong><br \/>\nVaraa hieronnat vastaanotosta tai <a href=\"https:\/\/olo.fi\/hieronta\/\">https:\/\/olo.fi\/hieronta\/<\/a> Ajan valmentajalle voit varata vastaanotosta.<\/p>\n<p><strong>Kun ostat hemmottelupaketin lahjaksi:<\/strong><br \/>\nKirjoita tilauksen lis\u00e4tietoihin lahjakortin saaja ja toimitusosoite.<\/p>\n","protected":false},"excerpt":{"rendered":"<p>Hemmottelupaketti Ihana hemmottelupaketti tarjouksessa itselle tai lahjaksi. Rentoutusta, palautumista ja energiaa samassa paketissa \u2013 t\u00e4ydellinen lahja \u00e4itienp\u00e4iv\u00e4\u00e4n. Sis\u00e4lt\u00e4\u00e4: Hieronta 50 min Intialainen p\u00e4\u00e4hieronta 45 min PT 55min (Ohjauskerran sis\u00e4lt\u00f6 suunnitellaan yksil\u00f6llisesti juuri sinun tarpeisiisi. Esimerkiksi ravinto-ohjaus, kuntosaliohjelma+ohjaus tai pt-treeni) Kun ostat hemmottelupaketin itselle: Varaa hieronnat vastaanotosta tai https:\/\/olo.fi\/hieronta\/ Ajan valmentajalle voit varata vastaanotosta. Kun ostat [&hellip;]<\/p>\n","protected":false},"featured_media":6585,"template":"","meta":{"_improvement_type_select":"improve_an_existing","_thumb_yes_seoaic":false,"_frame_yes_seoaic":false,"seoaic_generate_description":"","seoaic_improve_instructions_prompt":"","seoaic_rollback_content_improvement":"","seoaic_idea_thumbnail_generator":"","thumbnail_generated":false,"thumbnail_generate_prompt":"","seoaic_article_description":""},"product_brand":[],"product_cat":[85,32],"product_tag":[],"class_list":{"0":"post-7770","1":"product","2":"type-product","3":"status-publish","4":"has-post-thumbnail","6":"product_cat-aitienpaivan-lahjakortit-27-4-10-5-2026","7":"product_cat-asiakkuudet","9":"first","10":"instock","11":"sale","12":"purchasable","13":"product-type-simple"},"yoast_head":"<!-- This site is optimized with the Yoast SEO plugin v27.5 - https:\/\/yoast.com\/product\/yoast-seo-wordpress\/ -->\n<title>Hemmottelupaketti - Olo - Liikuntakeskus Naisille<\/title>\n<meta name=\"robots\" content=\"index, follow, max-snippet:-1, max-image-preview:large, max-video-preview:-1\" \/>\n<link rel=\"canonical\" href=\"https:\/\/olo.fi\/en\/product\/hemmottelupaketti-basic\/\" \/>\n<meta property=\"og:locale\" content=\"en_US\" \/>\n<meta property=\"og:type\" content=\"article\" \/>\n<meta property=\"og:title\" content=\"Hemmottelupaketti - Olo - Liikuntakeskus Naisille\" \/>\n<meta property=\"og:description\" content=\"Hemmottelupaketti Ihana hemmottelupaketti tarjouksessa itselle tai lahjaksi. Rentoutusta, palautumista ja energiaa samassa paketissa \u2013 t\u00e4ydellinen lahja \u00e4itienp\u00e4iv\u00e4\u00e4n. Sis\u00e4lt\u00e4\u00e4: Hieronta 50 min Intialainen p\u00e4\u00e4hieronta 45 min PT 55min (Ohjauskerran sis\u00e4lt\u00f6 suunnitellaan yksil\u00f6llisesti juuri sinun tarpeisiisi. Esimerkiksi ravinto-ohjaus, kuntosaliohjelma+ohjaus tai pt-treeni) Kun ostat hemmottelupaketin itselle: Varaa hieronnat vastaanotosta tai https:\/\/olo.fi\/hieronta\/ Ajan valmentajalle voit varata vastaanotosta. Kun ostat [&hellip;]\" \/>\n<meta property=\"og:url\" content=\"https:\/\/olo.fi\/en\/product\/hemmottelupaketti-basic\/\" \/>\n<meta property=\"og:site_name\" content=\"Olo - Liikuntakeskus Naisille\" \/>\n<meta property=\"article:modified_time\" content=\"2026-04-27T11:57:20+00:00\" \/>\n<meta property=\"og:image\" content=\"https:\/\/olo.fi\/wp-content\/uploads\/2023\/04\/Pink-Modern-Happy-Mothers-Day-Facebook-Post3.png\" \/>\n\t<meta property=\"og:image:width\" content=\"940\" \/>\n\t<meta property=\"og:image:height\" content=\"788\" \/>\n\t<meta property=\"og:image:type\" content=\"image\/png\" \/>\n<meta name=\"twitter:card\" content=\"summary_large_image\" \/>\n<meta name=\"twitter:label1\" content=\"Est. reading time\" \/>\n\t<meta name=\"twitter:data1\" content=\"1 minute\" \/>\n<script type=\"application\/ld+json\" class=\"yoast-schema-graph\">{\"@context\":\"https:\\\/\\\/schema.org\",\"@graph\":[{\"@type\":\"WebPage\",\"@id\":\"https:\\\/\\\/olo.fi\\\/en\\\/product\\\/hemmottelupaketti-basic\\\/\",\"url\":\"https:\\\/\\\/olo.fi\\\/en\\\/product\\\/hemmottelupaketti-basic\\\/\",\"name\":\"Hemmottelupaketti - Olo - Liikuntakeskus Naisille\",\"isPartOf\":{\"@id\":\"https:\\\/\\\/olo.fi\\\/en\\\/#website\"},\"primaryImageOfPage\":{\"@id\":\"https:\\\/\\\/olo.fi\\\/en\\\/product\\\/hemmottelupaketti-basic\\\/#primaryimage\"},\"image\":{\"@id\":\"https:\\\/\\\/olo.fi\\\/en\\\/product\\\/hemmottelupaketti-basic\\\/#primaryimage\"},\"thumbnailUrl\":\"https:\\\/\\\/olo.fi\\\/wp-content\\\/uploads\\\/2023\\\/04\\\/Pink-Modern-Happy-Mothers-Day-Facebook-Post3.png\",\"datePublished\":\"2023-12-07T09:02:07+00:00\",\"dateModified\":\"2026-04-27T11:57:20+00:00\",\"breadcrumb\":{\"@id\":\"https:\\\/\\\/olo.fi\\\/en\\\/product\\\/hemmottelupaketti-basic\\\/#breadcrumb\"},\"inLanguage\":\"en-US\",\"potentialAction\":[{\"@type\":\"ReadAction\",\"target\":[\"https:\\\/\\\/olo.fi\\\/en\\\/product\\\/hemmottelupaketti-basic\\\/\"]}]},{\"@type\":\"ImageObject\",\"inLanguage\":\"en-US\",\"@id\":\"https:\\\/\\\/olo.fi\\\/en\\\/product\\\/hemmottelupaketti-basic\\\/#primaryimage\",\"url\":\"https:\\\/\\\/olo.fi\\\/wp-content\\\/uploads\\\/2023\\\/04\\\/Pink-Modern-Happy-Mothers-Day-Facebook-Post3.png\",\"contentUrl\":\"https:\\\/\\\/olo.fi\\\/wp-content\\\/uploads\\\/2023\\\/04\\\/Pink-Modern-Happy-Mothers-Day-Facebook-Post3.png\",\"width\":940,\"height\":788},{\"@type\":\"BreadcrumbList\",\"@id\":\"https:\\\/\\\/olo.fi\\\/en\\\/product\\\/hemmottelupaketti-basic\\\/#breadcrumb\",\"itemListElement\":[{\"@type\":\"ListItem\",\"position\":1,\"name\":\"Home\",\"item\":\"http:\\\/\\\/olo.fi\\\/en\\\/\"},{\"@type\":\"ListItem\",\"position\":2,\"name\":\"Shop\",\"item\":\"http:\\\/\\\/olo.fi\\\/en\\\/shop\\\/\"},{\"@type\":\"ListItem\",\"position\":3,\"name\":\"Hemmottelupaketti\"}]},{\"@type\":\"WebSite\",\"@id\":\"https:\\\/\\\/olo.fi\\\/en\\\/#website\",\"url\":\"https:\\\/\\\/olo.fi\\\/en\\\/\",\"name\":\"Olo - Liikuntakeskus Naisille\",\"description\":\"Olo on uusi Liikuntakeskus Naisille\",\"publisher\":{\"@id\":\"https:\\\/\\\/olo.fi\\\/en\\\/#organization\"},\"potentialAction\":[{\"@type\":\"SearchAction\",\"target\":{\"@type\":\"EntryPoint\",\"urlTemplate\":\"https:\\\/\\\/olo.fi\\\/en\\\/?s={search_term_string}\"},\"query-input\":{\"@type\":\"PropertyValueSpecification\",\"valueRequired\":true,\"valueName\":\"search_term_string\"}}],\"inLanguage\":\"en-US\"},{\"@type\":\"Organization\",\"@id\":\"https:\\\/\\\/olo.fi\\\/en\\\/#organization\",\"name\":\"Olo - Liikuntakeskus Naisille\",\"url\":\"https:\\\/\\\/olo.fi\\\/en\\\/\",\"logo\":{\"@type\":\"ImageObject\",\"inLanguage\":\"en-US\",\"@id\":\"https:\\\/\\\/olo.fi\\\/en\\\/#\\\/schema\\\/logo\\\/image\\\/\",\"url\":\"https:\\\/\\\/olo.fi\\\/wp-content\\\/uploads\\\/2022\\\/01\\\/cropped-Olo-logo-Liikuntakeskus-Naisille-Vaaka-RGB.png\",\"contentUrl\":\"https:\\\/\\\/olo.fi\\\/wp-content\\\/uploads\\\/2022\\\/01\\\/cropped-Olo-logo-Liikuntakeskus-Naisille-Vaaka-RGB.png\",\"width\":2754,\"height\":838,\"caption\":\"Olo - Liikuntakeskus Naisille\"},\"image\":{\"@id\":\"https:\\\/\\\/olo.fi\\\/en\\\/#\\\/schema\\\/logo\\\/image\\\/\"}}]}<\/script>\n<!-- \/ Yoast SEO plugin. -->","yoast_head_json":{"title":"Hemmottelupaketti - Olo - Liikuntakeskus Naisille","robots":{"index":"index","follow":"follow","max-snippet":"max-snippet:-1","max-image-preview":"max-image-preview:large","max-video-preview":"max-video-preview:-1"},"canonical":"https:\/\/olo.fi\/en\/product\/hemmottelupaketti-basic\/","og_locale":"en_US","og_type":"article","og_title":"Hemmottelupaketti - Olo - Liikuntakeskus Naisille","og_description":"Hemmottelupaketti Ihana hemmottelupaketti tarjouksessa itselle tai lahjaksi. Rentoutusta, palautumista ja energiaa samassa paketissa \u2013 t\u00e4ydellinen lahja \u00e4itienp\u00e4iv\u00e4\u00e4n. Sis\u00e4lt\u00e4\u00e4: Hieronta 50 min Intialainen p\u00e4\u00e4hieronta 45 min PT 55min (Ohjauskerran sis\u00e4lt\u00f6 suunnitellaan yksil\u00f6llisesti juuri sinun tarpeisiisi. Esimerkiksi ravinto-ohjaus, kuntosaliohjelma+ohjaus tai pt-treeni) Kun ostat hemmottelupaketin itselle: Varaa hieronnat vastaanotosta tai https:\/\/olo.fi\/hieronta\/ Ajan valmentajalle voit varata vastaanotosta. Kun ostat [&hellip;]","og_url":"https:\/\/olo.fi\/en\/product\/hemmottelupaketti-basic\/","og_site_name":"Olo - Liikuntakeskus Naisille","article_modified_time":"2026-04-27T11:57:20+00:00","og_image":[{"width":940,"height":788,"url":"https:\/\/olo.fi\/wp-content\/uploads\/2023\/04\/Pink-Modern-Happy-Mothers-Day-Facebook-Post3.png","type":"image\/png"}],"twitter_card":"summary_large_image","twitter_misc":{"Est. reading time":"1 minute"},"schema":{"@context":"https:\/\/schema.org","@graph":[{"@type":"WebPage","@id":"https:\/\/olo.fi\/en\/product\/hemmottelupaketti-basic\/","url":"https:\/\/olo.fi\/en\/product\/hemmottelupaketti-basic\/","name":"Hemmottelupaketti - Olo - Liikuntakeskus Naisille","isPartOf":{"@id":"https:\/\/olo.fi\/en\/#website"},"primaryImageOfPage":{"@id":"https:\/\/olo.fi\/en\/product\/hemmottelupaketti-basic\/#primaryimage"},"image":{"@id":"https:\/\/olo.fi\/en\/product\/hemmottelupaketti-basic\/#primaryimage"},"thumbnailUrl":"https:\/\/olo.fi\/wp-content\/uploads\/2023\/04\/Pink-Modern-Happy-Mothers-Day-Facebook-Post3.png","datePublished":"2023-12-07T09:02:07+00:00","dateModified":"2026-04-27T11:57:20+00:00","breadcrumb":{"@id":"https:\/\/olo.fi\/en\/product\/hemmottelupaketti-basic\/#breadcrumb"},"inLanguage":"en-US","potentialAction":[{"@type":"ReadAction","target":["https:\/\/olo.fi\/en\/product\/hemmottelupaketti-basic\/"]}]},{"@type":"ImageObject","inLanguage":"en-US","@id":"https:\/\/olo.fi\/en\/product\/hemmottelupaketti-basic\/#primaryimage","url":"https:\/\/olo.fi\/wp-content\/uploads\/2023\/04\/Pink-Modern-Happy-Mothers-Day-Facebook-Post3.png","contentUrl":"https:\/\/olo.fi\/wp-content\/uploads\/2023\/04\/Pink-Modern-Happy-Mothers-Day-Facebook-Post3.png","width":940,"height":788},{"@type":"BreadcrumbList","@id":"https:\/\/olo.fi\/en\/product\/hemmottelupaketti-basic\/#breadcrumb","itemListElement":[{"@type":"ListItem","position":1,"name":"Home","item":"http:\/\/olo.fi\/en\/"},{"@type":"ListItem","position":2,"name":"Shop","item":"http:\/\/olo.fi\/en\/shop\/"},{"@type":"ListItem","position":3,"name":"Hemmottelupaketti"}]},{"@type":"WebSite","@id":"https:\/\/olo.fi\/en\/#website","url":"https:\/\/olo.fi\/en\/","name":"Olo - Liikuntakeskus Naisille","description":"Olo on uusi Liikuntakeskus Naisille","publisher":{"@id":"https:\/\/olo.fi\/en\/#organization"},"potentialAction":[{"@type":"SearchAction","target":{"@type":"EntryPoint","urlTemplate":"https:\/\/olo.fi\/en\/?s={search_term_string}"},"query-input":{"@type":"PropertyValueSpecification","valueRequired":true,"valueName":"search_term_string"}}],"inLanguage":"en-US"},{"@type":"Organization","@id":"https:\/\/olo.fi\/en\/#organization","name":"Olo - Liikuntakeskus Naisille","url":"https:\/\/olo.fi\/en\/","logo":{"@type":"ImageObject","inLanguage":"en-US","@id":"https:\/\/olo.fi\/en\/#\/schema\/logo\/image\/","url":"https:\/\/olo.fi\/wp-content\/uploads\/2022\/01\/cropped-Olo-logo-Liikuntakeskus-Naisille-Vaaka-RGB.png","contentUrl":"https:\/\/olo.fi\/wp-content\/uploads\/2022\/01\/cropped-Olo-logo-Liikuntakeskus-Naisille-Vaaka-RGB.png","width":2754,"height":838,"caption":"Olo - Liikuntakeskus Naisille"},"image":{"@id":"https:\/\/olo.fi\/en\/#\/schema\/logo\/image\/"}}]}},"_links":{"self":[{"href":"https:\/\/olo.fi\/en\/wp-json\/wp\/v2\/product\/7770","targetHints":{"allow":["GET"]}}],"collection":[{"href":"https:\/\/olo.fi\/en\/wp-json\/wp\/v2\/product"}],"about":[{"href":"https:\/\/olo.fi\/en\/wp-json\/wp\/v2\/types\/product"}],"wp:featuredmedia":[{"embeddable":true,"href":"https:\/\/olo.fi\/en\/wp-json\/wp\/v2\/media\/6585"}],"wp:attachment":[{"href":"https:\/\/olo.fi\/en\/wp-json\/wp\/v2\/media?parent=7770"}],"wp:term":[{"taxonomy":"product_brand","embeddable":true,"href":"https:\/\/olo.fi\/en\/wp-json\/wp\/v2\/product_brand?post=7770"},{"taxonomy":"product_cat","embeddable":true,"href":"https:\/\/olo.fi\/en\/wp-json\/wp\/v2\/product_cat?post=7770"},{"taxonomy":"product_tag","embeddable":true,"href":"https:\/\/olo.fi\/en\/wp-json\/wp\/v2\/product_tag?post=7770"}],"curies":[{"name":"wp","href":"https:\/\/api.w.org\/{rel}","templated":true}]}}