{"id":6586,"date":"2023-04-25T13:52:14","date_gmt":"2023-04-25T10:52:14","guid":{"rendered":"https:\/\/olo.fi\/?post_type=product&#038;p=6586"},"modified":"2026-04-27T15:05:08","modified_gmt":"2026-04-27T12:05:08","slug":"hieronta-sarjakortti-5x50-minuuttia-4","status":"publish","type":"product","link":"https:\/\/olo.fi\/en\/product\/hieronta-sarjakortti-5x50-minuuttia-4\/","title":{"rendered":"Lymfa- tai fasciahieronta 50 minuuttia"},"content":{"rendered":"<div><strong>Faskiahieronta:<\/strong> Faskiahieronta eli lihaskalvohieronta on hierontaa, jossa keskityt\u00e4\u00e4n faskioiden venytt\u00e4v\u00e4\u00e4n k\u00e4sittelyyn. Hieronnassa k\u00e4ytet\u00e4\u00e4n vain v\u00e4h\u00e4n \u00f6ljy\u00e4 tarvittaessa riitt\u00e4v\u00e4n kitkan aikaansaamiseksi. K\u00e4sittelyss\u00e4 voidaan hy\u00f6dynt\u00e4\u00e4 my\u00f6s asiakkaan omaa aktiivista liikett\u00e4 apuna sek\u00e4 painellaan triggerpisteit\u00e4. Imukuppeja voidaan my\u00f6s tarvittaessa hy\u00f6dynt\u00e4\u00e4. K\u00e4sittely lis\u00e4\u00e4 faskioiden joustavuutta ja liukuvuutta sek\u00e4 tehostaa nestekiertoa.<\/div>\n<div>\n<div><\/div>\n<div><strong>Lymfahieronta: <\/strong>Lymfahieronta on kehoa rauhoittava ja aineenvaihduntaa aktivoiva hoitomuoto, joka tehostaa nestekiertoa ja v\u00e4hent\u00e4\u00e4 turvotusta. Hoito tehd\u00e4\u00e4n kevyill\u00e4, rytmikk\u00e4ill\u00e4 ja hitailla otteilla. Lymfahieronta sopii erityisesti, jos sinulla on turvotusta, v\u00e4symyst\u00e4 tai kaipaat syv\u00e4\u00e4 rentoutumista. Hoito tukee palautumista ja kokonaisvaltaista hyvinvointia sek\u00e4 kehon luonnollisia puhdistusprosesseja.<\/div>\n<\/div>\n<p><strong>Kun ostat hieronnan itselle<\/strong><br \/>\nVaraa hieronta vastaanotosta tai <a href=\"https:\/\/olo.fi\/hieronta\/\">https:\/\/olo.fi\/hieronta\/<\/a><\/p>\n<p><strong>Kun ostat hieronnan lahjaksi<\/strong><br \/>\nKirjoita tilauksen lis\u00e4tietoihin lahjakortin saaja ja toimitusosoite.<\/p>\n","protected":false},"excerpt":{"rendered":"<p>Faskiahieronta: Faskiahieronta eli lihaskalvohieronta on hierontaa, jossa keskityt\u00e4\u00e4n faskioiden venytt\u00e4v\u00e4\u00e4n k\u00e4sittelyyn. Hieronnassa k\u00e4ytet\u00e4\u00e4n vain v\u00e4h\u00e4n \u00f6ljy\u00e4 tarvittaessa riitt\u00e4v\u00e4n kitkan aikaansaamiseksi. K\u00e4sittelyss\u00e4 voidaan hy\u00f6dynt\u00e4\u00e4 my\u00f6s asiakkaan omaa aktiivista liikett\u00e4 apuna sek\u00e4 painellaan triggerpisteit\u00e4. Imukuppeja voidaan my\u00f6s tarvittaessa hy\u00f6dynt\u00e4\u00e4. K\u00e4sittely lis\u00e4\u00e4 faskioiden joustavuutta ja liukuvuutta sek\u00e4 tehostaa nestekiertoa. Lymfahieronta: Lymfahieronta on kehoa rauhoittava ja aineenvaihduntaa aktivoiva hoitomuoto, [&hellip;]<\/p>\n","protected":false},"featured_media":6585,"template":"","meta":{"_improvement_type_select":"improve_an_existing","_thumb_yes_seoaic":false,"_frame_yes_seoaic":false,"seoaic_generate_description":"","seoaic_improve_instructions_prompt":"","seoaic_rollback_content_improvement":"","seoaic_idea_thumbnail_generator":"","thumbnail_generated":false,"thumbnail_generate_prompt":"","seoaic_article_description":""},"product_brand":[],"product_cat":[85],"product_tag":[],"class_list":{"0":"post-6586","1":"product","2":"type-product","3":"status-publish","4":"has-post-thumbnail","6":"product_cat-aitienpaivan-lahjakortit-27-4-10-5-2026","8":"first","9":"instock","10":"purchasable","11":"product-type-simple"},"yoast_head":"<!-- This site is optimized with the Yoast SEO plugin v27.5 - https:\/\/yoast.com\/product\/yoast-seo-wordpress\/ -->\n<title>Lymfa- tai fasciahieronta 50 minuuttia - Olo - Liikuntakeskus Naisille<\/title>\n<meta name=\"description\" content=\"Yll\u00e4t\u00e4 \u00e4iti ihanalla hyvinvointilahjakortilla. Lahjakortit verkkokaupasta tai suoraan Ololta.\" \/>\n<meta name=\"robots\" content=\"index, follow, max-snippet:-1, max-image-preview:large, max-video-preview:-1\" \/>\n<link rel=\"canonical\" href=\"https:\/\/olo.fi\/en\/product\/hieronta-sarjakortti-5x50-minuuttia-4\/\" \/>\n<meta property=\"og:locale\" content=\"en_US\" \/>\n<meta property=\"og:type\" content=\"article\" \/>\n<meta property=\"og:title\" content=\"Lymfa- tai fasciahieronta 50 minuuttia - Olo - Liikuntakeskus Naisille\" \/>\n<meta property=\"og:description\" content=\"Yll\u00e4t\u00e4 \u00e4iti ihanalla hyvinvointilahjakortilla. Lahjakortit verkkokaupasta tai suoraan Ololta.\" \/>\n<meta property=\"og:url\" content=\"https:\/\/olo.fi\/en\/product\/hieronta-sarjakortti-5x50-minuuttia-4\/\" \/>\n<meta property=\"og:site_name\" content=\"Olo - Liikuntakeskus Naisille\" \/>\n<meta property=\"article:modified_time\" content=\"2026-04-27T12:05:08+00:00\" \/>\n<meta property=\"og:image\" content=\"https:\/\/olo.fi\/wp-content\/uploads\/2023\/04\/Pink-Modern-Happy-Mothers-Day-Facebook-Post3.png\" \/>\n\t<meta property=\"og:image:width\" content=\"940\" \/>\n\t<meta property=\"og:image:height\" content=\"788\" \/>\n\t<meta property=\"og:image:type\" content=\"image\/png\" \/>\n<meta name=\"twitter:card\" content=\"summary_large_image\" \/>\n<meta name=\"twitter:label1\" content=\"Est. reading time\" \/>\n\t<meta name=\"twitter:data1\" content=\"1 minute\" \/>\n<script type=\"application\/ld+json\" class=\"yoast-schema-graph\">{\"@context\":\"https:\\\/\\\/schema.org\",\"@graph\":[{\"@type\":\"WebPage\",\"@id\":\"https:\\\/\\\/olo.fi\\\/en\\\/product\\\/hieronta-sarjakortti-5x50-minuuttia-4\\\/\",\"url\":\"https:\\\/\\\/olo.fi\\\/en\\\/product\\\/hieronta-sarjakortti-5x50-minuuttia-4\\\/\",\"name\":\"Lymfa- tai fasciahieronta 50 minuuttia - Olo - Liikuntakeskus Naisille\",\"isPartOf\":{\"@id\":\"https:\\\/\\\/olo.fi\\\/en\\\/#website\"},\"primaryImageOfPage\":{\"@id\":\"https:\\\/\\\/olo.fi\\\/en\\\/product\\\/hieronta-sarjakortti-5x50-minuuttia-4\\\/#primaryimage\"},\"image\":{\"@id\":\"https:\\\/\\\/olo.fi\\\/en\\\/product\\\/hieronta-sarjakortti-5x50-minuuttia-4\\\/#primaryimage\"},\"thumbnailUrl\":\"https:\\\/\\\/olo.fi\\\/wp-content\\\/uploads\\\/2023\\\/04\\\/Pink-Modern-Happy-Mothers-Day-Facebook-Post3.png\",\"datePublished\":\"2023-04-25T10:52:14+00:00\",\"dateModified\":\"2026-04-27T12:05:08+00:00\",\"description\":\"Yll\u00e4t\u00e4 \u00e4iti ihanalla hyvinvointilahjakortilla. Lahjakortit verkkokaupasta tai suoraan Ololta.\",\"breadcrumb\":{\"@id\":\"https:\\\/\\\/olo.fi\\\/en\\\/product\\\/hieronta-sarjakortti-5x50-minuuttia-4\\\/#breadcrumb\"},\"inLanguage\":\"en-US\",\"potentialAction\":[{\"@type\":\"ReadAction\",\"target\":[\"https:\\\/\\\/olo.fi\\\/en\\\/product\\\/hieronta-sarjakortti-5x50-minuuttia-4\\\/\"]}]},{\"@type\":\"ImageObject\",\"inLanguage\":\"en-US\",\"@id\":\"https:\\\/\\\/olo.fi\\\/en\\\/product\\\/hieronta-sarjakortti-5x50-minuuttia-4\\\/#primaryimage\",\"url\":\"https:\\\/\\\/olo.fi\\\/wp-content\\\/uploads\\\/2023\\\/04\\\/Pink-Modern-Happy-Mothers-Day-Facebook-Post3.png\",\"contentUrl\":\"https:\\\/\\\/olo.fi\\\/wp-content\\\/uploads\\\/2023\\\/04\\\/Pink-Modern-Happy-Mothers-Day-Facebook-Post3.png\",\"width\":940,\"height\":788},{\"@type\":\"BreadcrumbList\",\"@id\":\"https:\\\/\\\/olo.fi\\\/en\\\/product\\\/hieronta-sarjakortti-5x50-minuuttia-4\\\/#breadcrumb\",\"itemListElement\":[{\"@type\":\"ListItem\",\"position\":1,\"name\":\"Home\",\"item\":\"http:\\\/\\\/olo.fi\\\/en\\\/\"},{\"@type\":\"ListItem\",\"position\":2,\"name\":\"Shop\",\"item\":\"http:\\\/\\\/olo.fi\\\/en\\\/shop\\\/\"},{\"@type\":\"ListItem\",\"position\":3,\"name\":\"Lymfa- tai fasciahieronta 50 minuuttia\"}]},{\"@type\":\"WebSite\",\"@id\":\"https:\\\/\\\/olo.fi\\\/en\\\/#website\",\"url\":\"https:\\\/\\\/olo.fi\\\/en\\\/\",\"name\":\"Olo - Liikuntakeskus Naisille\",\"description\":\"Olo on uusi Liikuntakeskus Naisille\",\"publisher\":{\"@id\":\"https:\\\/\\\/olo.fi\\\/en\\\/#organization\"},\"potentialAction\":[{\"@type\":\"SearchAction\",\"target\":{\"@type\":\"EntryPoint\",\"urlTemplate\":\"https:\\\/\\\/olo.fi\\\/en\\\/?s={search_term_string}\"},\"query-input\":{\"@type\":\"PropertyValueSpecification\",\"valueRequired\":true,\"valueName\":\"search_term_string\"}}],\"inLanguage\":\"en-US\"},{\"@type\":\"Organization\",\"@id\":\"https:\\\/\\\/olo.fi\\\/en\\\/#organization\",\"name\":\"Olo - Liikuntakeskus Naisille\",\"url\":\"https:\\\/\\\/olo.fi\\\/en\\\/\",\"logo\":{\"@type\":\"ImageObject\",\"inLanguage\":\"en-US\",\"@id\":\"https:\\\/\\\/olo.fi\\\/en\\\/#\\\/schema\\\/logo\\\/image\\\/\",\"url\":\"https:\\\/\\\/olo.fi\\\/wp-content\\\/uploads\\\/2022\\\/01\\\/cropped-Olo-logo-Liikuntakeskus-Naisille-Vaaka-RGB.png\",\"contentUrl\":\"https:\\\/\\\/olo.fi\\\/wp-content\\\/uploads\\\/2022\\\/01\\\/cropped-Olo-logo-Liikuntakeskus-Naisille-Vaaka-RGB.png\",\"width\":2754,\"height\":838,\"caption\":\"Olo - Liikuntakeskus Naisille\"},\"image\":{\"@id\":\"https:\\\/\\\/olo.fi\\\/en\\\/#\\\/schema\\\/logo\\\/image\\\/\"}}]}<\/script>\n<!-- \/ Yoast SEO plugin. -->","yoast_head_json":{"title":"Lymfa- tai fasciahieronta 50 minuuttia - Olo - Liikuntakeskus Naisille","description":"Yll\u00e4t\u00e4 \u00e4iti ihanalla hyvinvointilahjakortilla. Lahjakortit verkkokaupasta tai suoraan Ololta.","robots":{"index":"index","follow":"follow","max-snippet":"max-snippet:-1","max-image-preview":"max-image-preview:large","max-video-preview":"max-video-preview:-1"},"canonical":"https:\/\/olo.fi\/en\/product\/hieronta-sarjakortti-5x50-minuuttia-4\/","og_locale":"en_US","og_type":"article","og_title":"Lymfa- tai fasciahieronta 50 minuuttia - Olo - Liikuntakeskus Naisille","og_description":"Yll\u00e4t\u00e4 \u00e4iti ihanalla hyvinvointilahjakortilla. Lahjakortit verkkokaupasta tai suoraan Ololta.","og_url":"https:\/\/olo.fi\/en\/product\/hieronta-sarjakortti-5x50-minuuttia-4\/","og_site_name":"Olo - Liikuntakeskus Naisille","article_modified_time":"2026-04-27T12:05:08+00:00","og_image":[{"width":940,"height":788,"url":"https:\/\/olo.fi\/wp-content\/uploads\/2023\/04\/Pink-Modern-Happy-Mothers-Day-Facebook-Post3.png","type":"image\/png"}],"twitter_card":"summary_large_image","twitter_misc":{"Est. reading time":"1 minute"},"schema":{"@context":"https:\/\/schema.org","@graph":[{"@type":"WebPage","@id":"https:\/\/olo.fi\/en\/product\/hieronta-sarjakortti-5x50-minuuttia-4\/","url":"https:\/\/olo.fi\/en\/product\/hieronta-sarjakortti-5x50-minuuttia-4\/","name":"Lymfa- tai fasciahieronta 50 minuuttia - Olo - Liikuntakeskus Naisille","isPartOf":{"@id":"https:\/\/olo.fi\/en\/#website"},"primaryImageOfPage":{"@id":"https:\/\/olo.fi\/en\/product\/hieronta-sarjakortti-5x50-minuuttia-4\/#primaryimage"},"image":{"@id":"https:\/\/olo.fi\/en\/product\/hieronta-sarjakortti-5x50-minuuttia-4\/#primaryimage"},"thumbnailUrl":"https:\/\/olo.fi\/wp-content\/uploads\/2023\/04\/Pink-Modern-Happy-Mothers-Day-Facebook-Post3.png","datePublished":"2023-04-25T10:52:14+00:00","dateModified":"2026-04-27T12:05:08+00:00","description":"Yll\u00e4t\u00e4 \u00e4iti ihanalla hyvinvointilahjakortilla. Lahjakortit verkkokaupasta tai suoraan Ololta.","breadcrumb":{"@id":"https:\/\/olo.fi\/en\/product\/hieronta-sarjakortti-5x50-minuuttia-4\/#breadcrumb"},"inLanguage":"en-US","potentialAction":[{"@type":"ReadAction","target":["https:\/\/olo.fi\/en\/product\/hieronta-sarjakortti-5x50-minuuttia-4\/"]}]},{"@type":"ImageObject","inLanguage":"en-US","@id":"https:\/\/olo.fi\/en\/product\/hieronta-sarjakortti-5x50-minuuttia-4\/#primaryimage","url":"https:\/\/olo.fi\/wp-content\/uploads\/2023\/04\/Pink-Modern-Happy-Mothers-Day-Facebook-Post3.png","contentUrl":"https:\/\/olo.fi\/wp-content\/uploads\/2023\/04\/Pink-Modern-Happy-Mothers-Day-Facebook-Post3.png","width":940,"height":788},{"@type":"BreadcrumbList","@id":"https:\/\/olo.fi\/en\/product\/hieronta-sarjakortti-5x50-minuuttia-4\/#breadcrumb","itemListElement":[{"@type":"ListItem","position":1,"name":"Home","item":"http:\/\/olo.fi\/en\/"},{"@type":"ListItem","position":2,"name":"Shop","item":"http:\/\/olo.fi\/en\/shop\/"},{"@type":"ListItem","position":3,"name":"Lymfa- tai fasciahieronta 50 minuuttia"}]},{"@type":"WebSite","@id":"https:\/\/olo.fi\/en\/#website","url":"https:\/\/olo.fi\/en\/","name":"Olo - Liikuntakeskus Naisille","description":"Olo on uusi Liikuntakeskus Naisille","publisher":{"@id":"https:\/\/olo.fi\/en\/#organization"},"potentialAction":[{"@type":"SearchAction","target":{"@type":"EntryPoint","urlTemplate":"https:\/\/olo.fi\/en\/?s={search_term_string}"},"query-input":{"@type":"PropertyValueSpecification","valueRequired":true,"valueName":"search_term_string"}}],"inLanguage":"en-US"},{"@type":"Organization","@id":"https:\/\/olo.fi\/en\/#organization","name":"Olo - Liikuntakeskus Naisille","url":"https:\/\/olo.fi\/en\/","logo":{"@type":"ImageObject","inLanguage":"en-US","@id":"https:\/\/olo.fi\/en\/#\/schema\/logo\/image\/","url":"https:\/\/olo.fi\/wp-content\/uploads\/2022\/01\/cropped-Olo-logo-Liikuntakeskus-Naisille-Vaaka-RGB.png","contentUrl":"https:\/\/olo.fi\/wp-content\/uploads\/2022\/01\/cropped-Olo-logo-Liikuntakeskus-Naisille-Vaaka-RGB.png","width":2754,"height":838,"caption":"Olo - Liikuntakeskus Naisille"},"image":{"@id":"https:\/\/olo.fi\/en\/#\/schema\/logo\/image\/"}}]}},"_links":{"self":[{"href":"https:\/\/olo.fi\/en\/wp-json\/wp\/v2\/product\/6586","targetHints":{"allow":["GET"]}}],"collection":[{"href":"https:\/\/olo.fi\/en\/wp-json\/wp\/v2\/product"}],"about":[{"href":"https:\/\/olo.fi\/en\/wp-json\/wp\/v2\/types\/product"}],"wp:featuredmedia":[{"embeddable":true,"href":"https:\/\/olo.fi\/en\/wp-json\/wp\/v2\/media\/6585"}],"wp:attachment":[{"href":"https:\/\/olo.fi\/en\/wp-json\/wp\/v2\/media?parent=6586"}],"wp:term":[{"taxonomy":"product_brand","embeddable":true,"href":"https:\/\/olo.fi\/en\/wp-json\/wp\/v2\/product_brand?post=6586"},{"taxonomy":"product_cat","embeddable":true,"href":"https:\/\/olo.fi\/en\/wp-json\/wp\/v2\/product_cat?post=6586"},{"taxonomy":"product_tag","embeddable":true,"href":"https:\/\/olo.fi\/en\/wp-json\/wp\/v2\/product_tag?post=6586"}],"curies":[{"name":"wp","href":"https:\/\/api.w.org\/{rel}","templated":true}]}}