{"id":6584,"date":"2023-04-25T13:50:54","date_gmt":"2023-04-25T10:50:54","guid":{"rendered":"https:\/\/olo.fi\/?post_type=product&#038;p=6584"},"modified":"2026-04-27T14:18:06","modified_gmt":"2026-04-27T11:18:06","slug":"hieronta-50-minuuttia-3","status":"publish","type":"product","link":"https:\/\/olo.fi\/en\/product\/hieronta-50-minuuttia-3\/","title":{"rendered":"Hieronta 90 minuuttia"},"content":{"rendered":"<p>Ihana koko vartalon hieronta h\u00e4nelle, jolla on jo kaikkea. 90 minuutin hieronta auttaa lievitt\u00e4m\u00e4\u00e4n j\u00e4nnityksi\u00e4, palauttaa kehoa ja rauhoittaa mielt\u00e4.<\/p>\n<p>Lahja, joka tuo hyv\u00e4\u00e4 oloa viel\u00e4 pitk\u00e4\u00e4n \u00e4itienp\u00e4iv\u00e4n j\u00e4lkeen.<\/p>\n<p>Hierottava alue sovitaan toki toiveesi mukaan, mutta aika antaa mahdollisuuden vaikkapa alaraajojen, koko sel\u00e4n ja niska-hartiaseudun rentouttavaan k\u00e4sittelyyn.<\/p>\n<p><strong>Kun ostat hieronnan itselle:<\/strong><br \/>\nVaraa hieronta vastaanotosta tai <a href=\"https:\/\/olo.fi\/hieronta\/\">https:\/\/olo.fi\/hieronta\/<\/a><\/p>\n<p><strong>Kun ostat hieronnan lahjak<\/strong><strong>si:<\/strong><br \/>\nKirjoita tilauksen lis\u00e4tietoihin lahjakortin saaja ja toimitusosoite.<\/p>\n<h3><\/h3>\n<p>&nbsp;<\/p>\n","protected":false},"excerpt":{"rendered":"<p>Ihana koko vartalon hieronta h\u00e4nelle, jolla on jo kaikkea. 90 minuutin hieronta auttaa lievitt\u00e4m\u00e4\u00e4n j\u00e4nnityksi\u00e4, palauttaa kehoa ja rauhoittaa mielt\u00e4. Lahja, joka tuo hyv\u00e4\u00e4 oloa viel\u00e4 pitk\u00e4\u00e4n \u00e4itienp\u00e4iv\u00e4n j\u00e4lkeen. Hierottava alue sovitaan toki toiveesi mukaan, mutta aika antaa mahdollisuuden vaikkapa alaraajojen, koko sel\u00e4n ja niska-hartiaseudun rentouttavaan k\u00e4sittelyyn. Kun ostat hieronnan itselle: Varaa hieronta vastaanotosta tai [&hellip;]<\/p>\n","protected":false},"featured_media":6585,"template":"","meta":{"_improvement_type_select":"improve_an_existing","_thumb_yes_seoaic":false,"_frame_yes_seoaic":false,"seoaic_generate_description":"","seoaic_improve_instructions_prompt":"","seoaic_rollback_content_improvement":"","seoaic_idea_thumbnail_generator":"","thumbnail_generated":false,"thumbnail_generate_prompt":"","seoaic_article_description":""},"product_brand":[],"product_cat":[85],"product_tag":[],"class_list":{"0":"post-6584","1":"product","2":"type-product","3":"status-publish","4":"has-post-thumbnail","6":"product_cat-aitienpaivan-lahjakortit-27-4-10-5-2026","8":"first","9":"instock","10":"purchasable","11":"product-type-simple"},"yoast_head":"<!-- This site is optimized with the Yoast SEO plugin v27.5 - https:\/\/yoast.com\/product\/yoast-seo-wordpress\/ -->\n<title>Hieronta 90 minuuttia - Olo - Liikuntakeskus Naisille<\/title>\n<meta name=\"robots\" content=\"index, follow, max-snippet:-1, max-image-preview:large, max-video-preview:-1\" \/>\n<link rel=\"canonical\" href=\"https:\/\/olo.fi\/en\/product\/hieronta-50-minuuttia-3\/\" \/>\n<meta property=\"og:locale\" content=\"en_US\" \/>\n<meta property=\"og:type\" content=\"article\" \/>\n<meta property=\"og:title\" content=\"Hieronta 90 minuuttia - Olo - Liikuntakeskus Naisille\" \/>\n<meta property=\"og:description\" content=\"Ihana koko vartalon hieronta h\u00e4nelle, jolla on jo kaikkea. 90 minuutin hieronta auttaa lievitt\u00e4m\u00e4\u00e4n j\u00e4nnityksi\u00e4, palauttaa kehoa ja rauhoittaa mielt\u00e4. Lahja, joka tuo hyv\u00e4\u00e4 oloa viel\u00e4 pitk\u00e4\u00e4n \u00e4itienp\u00e4iv\u00e4n j\u00e4lkeen. Hierottava alue sovitaan toki toiveesi mukaan, mutta aika antaa mahdollisuuden vaikkapa alaraajojen, koko sel\u00e4n ja niska-hartiaseudun rentouttavaan k\u00e4sittelyyn. Kun ostat hieronnan itselle: Varaa hieronta vastaanotosta tai [&hellip;]\" \/>\n<meta property=\"og:url\" content=\"https:\/\/olo.fi\/en\/product\/hieronta-50-minuuttia-3\/\" \/>\n<meta property=\"og:site_name\" content=\"Olo - Liikuntakeskus Naisille\" \/>\n<meta property=\"article:modified_time\" content=\"2026-04-27T11:18:06+00:00\" \/>\n<meta property=\"og:image\" content=\"https:\/\/olo.fi\/wp-content\/uploads\/2023\/04\/Pink-Modern-Happy-Mothers-Day-Facebook-Post3.png\" \/>\n\t<meta property=\"og:image:width\" content=\"940\" \/>\n\t<meta property=\"og:image:height\" content=\"788\" \/>\n\t<meta property=\"og:image:type\" content=\"image\/png\" \/>\n<meta name=\"twitter:card\" content=\"summary_large_image\" \/>\n<meta name=\"twitter:label1\" content=\"Est. reading time\" \/>\n\t<meta name=\"twitter:data1\" content=\"1 minute\" \/>\n<script type=\"application\/ld+json\" class=\"yoast-schema-graph\">{\"@context\":\"https:\\\/\\\/schema.org\",\"@graph\":[{\"@type\":\"WebPage\",\"@id\":\"https:\\\/\\\/olo.fi\\\/en\\\/product\\\/hieronta-50-minuuttia-3\\\/\",\"url\":\"https:\\\/\\\/olo.fi\\\/en\\\/product\\\/hieronta-50-minuuttia-3\\\/\",\"name\":\"Hieronta 90 minuuttia - Olo - Liikuntakeskus Naisille\",\"isPartOf\":{\"@id\":\"https:\\\/\\\/olo.fi\\\/en\\\/#website\"},\"primaryImageOfPage\":{\"@id\":\"https:\\\/\\\/olo.fi\\\/en\\\/product\\\/hieronta-50-minuuttia-3\\\/#primaryimage\"},\"image\":{\"@id\":\"https:\\\/\\\/olo.fi\\\/en\\\/product\\\/hieronta-50-minuuttia-3\\\/#primaryimage\"},\"thumbnailUrl\":\"https:\\\/\\\/olo.fi\\\/wp-content\\\/uploads\\\/2023\\\/04\\\/Pink-Modern-Happy-Mothers-Day-Facebook-Post3.png\",\"datePublished\":\"2023-04-25T10:50:54+00:00\",\"dateModified\":\"2026-04-27T11:18:06+00:00\",\"breadcrumb\":{\"@id\":\"https:\\\/\\\/olo.fi\\\/en\\\/product\\\/hieronta-50-minuuttia-3\\\/#breadcrumb\"},\"inLanguage\":\"en-US\",\"potentialAction\":[{\"@type\":\"ReadAction\",\"target\":[\"https:\\\/\\\/olo.fi\\\/en\\\/product\\\/hieronta-50-minuuttia-3\\\/\"]}]},{\"@type\":\"ImageObject\",\"inLanguage\":\"en-US\",\"@id\":\"https:\\\/\\\/olo.fi\\\/en\\\/product\\\/hieronta-50-minuuttia-3\\\/#primaryimage\",\"url\":\"https:\\\/\\\/olo.fi\\\/wp-content\\\/uploads\\\/2023\\\/04\\\/Pink-Modern-Happy-Mothers-Day-Facebook-Post3.png\",\"contentUrl\":\"https:\\\/\\\/olo.fi\\\/wp-content\\\/uploads\\\/2023\\\/04\\\/Pink-Modern-Happy-Mothers-Day-Facebook-Post3.png\",\"width\":940,\"height\":788},{\"@type\":\"BreadcrumbList\",\"@id\":\"https:\\\/\\\/olo.fi\\\/en\\\/product\\\/hieronta-50-minuuttia-3\\\/#breadcrumb\",\"itemListElement\":[{\"@type\":\"ListItem\",\"position\":1,\"name\":\"Home\",\"item\":\"http:\\\/\\\/olo.fi\\\/en\\\/\"},{\"@type\":\"ListItem\",\"position\":2,\"name\":\"Shop\",\"item\":\"http:\\\/\\\/olo.fi\\\/en\\\/shop\\\/\"},{\"@type\":\"ListItem\",\"position\":3,\"name\":\"Hieronta 90 minuuttia\"}]},{\"@type\":\"WebSite\",\"@id\":\"https:\\\/\\\/olo.fi\\\/en\\\/#website\",\"url\":\"https:\\\/\\\/olo.fi\\\/en\\\/\",\"name\":\"Olo - Liikuntakeskus Naisille\",\"description\":\"Olo on uusi Liikuntakeskus Naisille\",\"publisher\":{\"@id\":\"https:\\\/\\\/olo.fi\\\/en\\\/#organization\"},\"potentialAction\":[{\"@type\":\"SearchAction\",\"target\":{\"@type\":\"EntryPoint\",\"urlTemplate\":\"https:\\\/\\\/olo.fi\\\/en\\\/?s={search_term_string}\"},\"query-input\":{\"@type\":\"PropertyValueSpecification\",\"valueRequired\":true,\"valueName\":\"search_term_string\"}}],\"inLanguage\":\"en-US\"},{\"@type\":\"Organization\",\"@id\":\"https:\\\/\\\/olo.fi\\\/en\\\/#organization\",\"name\":\"Olo - Liikuntakeskus Naisille\",\"url\":\"https:\\\/\\\/olo.fi\\\/en\\\/\",\"logo\":{\"@type\":\"ImageObject\",\"inLanguage\":\"en-US\",\"@id\":\"https:\\\/\\\/olo.fi\\\/en\\\/#\\\/schema\\\/logo\\\/image\\\/\",\"url\":\"https:\\\/\\\/olo.fi\\\/wp-content\\\/uploads\\\/2022\\\/01\\\/cropped-Olo-logo-Liikuntakeskus-Naisille-Vaaka-RGB.png\",\"contentUrl\":\"https:\\\/\\\/olo.fi\\\/wp-content\\\/uploads\\\/2022\\\/01\\\/cropped-Olo-logo-Liikuntakeskus-Naisille-Vaaka-RGB.png\",\"width\":2754,\"height\":838,\"caption\":\"Olo - Liikuntakeskus Naisille\"},\"image\":{\"@id\":\"https:\\\/\\\/olo.fi\\\/en\\\/#\\\/schema\\\/logo\\\/image\\\/\"}}]}<\/script>\n<!-- \/ Yoast SEO plugin. -->","yoast_head_json":{"title":"Hieronta 90 minuuttia - Olo - Liikuntakeskus Naisille","robots":{"index":"index","follow":"follow","max-snippet":"max-snippet:-1","max-image-preview":"max-image-preview:large","max-video-preview":"max-video-preview:-1"},"canonical":"https:\/\/olo.fi\/en\/product\/hieronta-50-minuuttia-3\/","og_locale":"en_US","og_type":"article","og_title":"Hieronta 90 minuuttia - Olo - Liikuntakeskus Naisille","og_description":"Ihana koko vartalon hieronta h\u00e4nelle, jolla on jo kaikkea. 90 minuutin hieronta auttaa lievitt\u00e4m\u00e4\u00e4n j\u00e4nnityksi\u00e4, palauttaa kehoa ja rauhoittaa mielt\u00e4. Lahja, joka tuo hyv\u00e4\u00e4 oloa viel\u00e4 pitk\u00e4\u00e4n \u00e4itienp\u00e4iv\u00e4n j\u00e4lkeen. Hierottava alue sovitaan toki toiveesi mukaan, mutta aika antaa mahdollisuuden vaikkapa alaraajojen, koko sel\u00e4n ja niska-hartiaseudun rentouttavaan k\u00e4sittelyyn. Kun ostat hieronnan itselle: Varaa hieronta vastaanotosta tai [&hellip;]","og_url":"https:\/\/olo.fi\/en\/product\/hieronta-50-minuuttia-3\/","og_site_name":"Olo - Liikuntakeskus Naisille","article_modified_time":"2026-04-27T11:18:06+00:00","og_image":[{"width":940,"height":788,"url":"https:\/\/olo.fi\/wp-content\/uploads\/2023\/04\/Pink-Modern-Happy-Mothers-Day-Facebook-Post3.png","type":"image\/png"}],"twitter_card":"summary_large_image","twitter_misc":{"Est. reading time":"1 minute"},"schema":{"@context":"https:\/\/schema.org","@graph":[{"@type":"WebPage","@id":"https:\/\/olo.fi\/en\/product\/hieronta-50-minuuttia-3\/","url":"https:\/\/olo.fi\/en\/product\/hieronta-50-minuuttia-3\/","name":"Hieronta 90 minuuttia - Olo - Liikuntakeskus Naisille","isPartOf":{"@id":"https:\/\/olo.fi\/en\/#website"},"primaryImageOfPage":{"@id":"https:\/\/olo.fi\/en\/product\/hieronta-50-minuuttia-3\/#primaryimage"},"image":{"@id":"https:\/\/olo.fi\/en\/product\/hieronta-50-minuuttia-3\/#primaryimage"},"thumbnailUrl":"https:\/\/olo.fi\/wp-content\/uploads\/2023\/04\/Pink-Modern-Happy-Mothers-Day-Facebook-Post3.png","datePublished":"2023-04-25T10:50:54+00:00","dateModified":"2026-04-27T11:18:06+00:00","breadcrumb":{"@id":"https:\/\/olo.fi\/en\/product\/hieronta-50-minuuttia-3\/#breadcrumb"},"inLanguage":"en-US","potentialAction":[{"@type":"ReadAction","target":["https:\/\/olo.fi\/en\/product\/hieronta-50-minuuttia-3\/"]}]},{"@type":"ImageObject","inLanguage":"en-US","@id":"https:\/\/olo.fi\/en\/product\/hieronta-50-minuuttia-3\/#primaryimage","url":"https:\/\/olo.fi\/wp-content\/uploads\/2023\/04\/Pink-Modern-Happy-Mothers-Day-Facebook-Post3.png","contentUrl":"https:\/\/olo.fi\/wp-content\/uploads\/2023\/04\/Pink-Modern-Happy-Mothers-Day-Facebook-Post3.png","width":940,"height":788},{"@type":"BreadcrumbList","@id":"https:\/\/olo.fi\/en\/product\/hieronta-50-minuuttia-3\/#breadcrumb","itemListElement":[{"@type":"ListItem","position":1,"name":"Home","item":"http:\/\/olo.fi\/en\/"},{"@type":"ListItem","position":2,"name":"Shop","item":"http:\/\/olo.fi\/en\/shop\/"},{"@type":"ListItem","position":3,"name":"Hieronta 90 minuuttia"}]},{"@type":"WebSite","@id":"https:\/\/olo.fi\/en\/#website","url":"https:\/\/olo.fi\/en\/","name":"Olo - Liikuntakeskus Naisille","description":"Olo on uusi Liikuntakeskus Naisille","publisher":{"@id":"https:\/\/olo.fi\/en\/#organization"},"potentialAction":[{"@type":"SearchAction","target":{"@type":"EntryPoint","urlTemplate":"https:\/\/olo.fi\/en\/?s={search_term_string}"},"query-input":{"@type":"PropertyValueSpecification","valueRequired":true,"valueName":"search_term_string"}}],"inLanguage":"en-US"},{"@type":"Organization","@id":"https:\/\/olo.fi\/en\/#organization","name":"Olo - Liikuntakeskus Naisille","url":"https:\/\/olo.fi\/en\/","logo":{"@type":"ImageObject","inLanguage":"en-US","@id":"https:\/\/olo.fi\/en\/#\/schema\/logo\/image\/","url":"https:\/\/olo.fi\/wp-content\/uploads\/2022\/01\/cropped-Olo-logo-Liikuntakeskus-Naisille-Vaaka-RGB.png","contentUrl":"https:\/\/olo.fi\/wp-content\/uploads\/2022\/01\/cropped-Olo-logo-Liikuntakeskus-Naisille-Vaaka-RGB.png","width":2754,"height":838,"caption":"Olo - Liikuntakeskus Naisille"},"image":{"@id":"https:\/\/olo.fi\/en\/#\/schema\/logo\/image\/"}}]}},"_links":{"self":[{"href":"https:\/\/olo.fi\/en\/wp-json\/wp\/v2\/product\/6584","targetHints":{"allow":["GET"]}}],"collection":[{"href":"https:\/\/olo.fi\/en\/wp-json\/wp\/v2\/product"}],"about":[{"href":"https:\/\/olo.fi\/en\/wp-json\/wp\/v2\/types\/product"}],"wp:featuredmedia":[{"embeddable":true,"href":"https:\/\/olo.fi\/en\/wp-json\/wp\/v2\/media\/6585"}],"wp:attachment":[{"href":"https:\/\/olo.fi\/en\/wp-json\/wp\/v2\/media?parent=6584"}],"wp:term":[{"taxonomy":"product_brand","embeddable":true,"href":"https:\/\/olo.fi\/en\/wp-json\/wp\/v2\/product_brand?post=6584"},{"taxonomy":"product_cat","embeddable":true,"href":"https:\/\/olo.fi\/en\/wp-json\/wp\/v2\/product_cat?post=6584"},{"taxonomy":"product_tag","embeddable":true,"href":"https:\/\/olo.fi\/en\/wp-json\/wp\/v2\/product_tag?post=6584"}],"curies":[{"name":"wp","href":"https:\/\/api.w.org\/{rel}","templated":true}]}}