{"id":12532,"date":"2025-05-14T11:47:33","date_gmt":"2025-05-14T08:47:33","guid":{"rendered":"https:\/\/olo.fi\/?post_type=product&#038;p=12532"},"modified":"2026-04-27T14:43:54","modified_gmt":"2026-04-27T11:43:54","slug":"lymfahieronta-imukupeilla-50-min","status":"publish","type":"product","link":"https:\/\/olo.fi\/en\/product\/lymfahieronta-imukupeilla-50-min\/","title":{"rendered":"Lymfahieronta 50 min"},"content":{"rendered":"<p>Lymfahieronta on kehoa rauhoittava ja aineenvaihduntaa aktivoiva hoitomuoto, joka tehostaa nestekiertoa ja v\u00e4hent\u00e4\u00e4 turvotusta. Hoito tehd\u00e4\u00e4n kevyill\u00e4, rytmikk\u00e4ill\u00e4 ja hitailla otteilla. Lymfahieronta sopii erityisesti, jos sinulla on turvotusta, v\u00e4symyst\u00e4 tai kaipaat syv\u00e4\u00e4 rentoutumista. Hoito tukee palautumista ja kokonaisvaltaista hyvinvointia sek\u00e4 kehon luonnollisia puhdistusprosesseja.<\/p>\n<p><strong>Kun ostat hieronnan itselle<\/strong><br \/>\nVaraa hieronta vastaanotosta tai <a href=\"https:\/\/olo.fi\/hieronta\/\">https:\/\/olo.fi\/hieronta\/<\/a><\/p>\n<p><strong>Kun ostat hieronnan lahjaksi<\/strong><\/p>\n<p>Kirjoita tilauksen lis\u00e4tietoihin lahjakortin saajan nimi. <strong>HOX! Liikuntaedulla ei voi ostaa lahjakortteja, sill\u00e4 edut ovat henkil\u00f6kohtaisia.<\/strong><\/p>\n<p>Kirjoita tilauksen lis\u00e4tietoihin toimitetaanko lahjakortti suoraan lahjakortin saajalle vai ostajalle. Kirjoita tilauksen lis\u00e4tietoihin lahjakortin<strong> aina saajan nimi<\/strong> ja mahdollinen toimitusosoite. <strong>L\u00e4het\u00e4mme lahjakortit s\u00e4hk\u00f6postitse tilaajan s\u00e4hk\u00f6postiin, ellei lis\u00e4tiedoissa toisin pyydet\u00e4.\u00a0<\/strong><\/p>\n<p>Huom. Kaikki lahjakortit toimitetaan s\u00e4hk\u00f6postitse tai kirjeen\u00e4 seuraavana arkip\u00e4iv\u00e4n\u00e4 (ei heti ostohetkell\u00e4). Voit my\u00f6s laittaa lis\u00e4tietoihin maininnan, mik\u00e4li haluat noutaa lahjakortin vastaanotosta.<\/p>\n","protected":false},"excerpt":{"rendered":"<p>Lymfahieronta on kehoa rauhoittava ja aineenvaihduntaa aktivoiva hoitomuoto, joka tehostaa nestekiertoa ja v\u00e4hent\u00e4\u00e4 turvotusta. Hoito tehd\u00e4\u00e4n kevyill\u00e4, rytmikk\u00e4ill\u00e4 ja hitailla otteilla. Lymfahieronta sopii erityisesti, jos sinulla on turvotusta, v\u00e4symyst\u00e4 tai kaipaat syv\u00e4\u00e4 rentoutumista. Hoito tukee palautumista ja kokonaisvaltaista hyvinvointia sek\u00e4 kehon luonnollisia puhdistusprosesseja. Kun ostat hieronnan itselle Varaa hieronta vastaanotosta tai https:\/\/olo.fi\/hieronta\/ Kun ostat hieronnan [&hellip;]<\/p>\n","protected":false},"featured_media":1912,"template":"","meta":[],"product_brand":[],"product_cat":[39],"product_tag":[],"class_list":{"0":"post-12532","1":"product","2":"type-product","3":"status-publish","4":"has-post-thumbnail","6":"product_cat-hieronta","8":"first","9":"instock","10":"purchasable","11":"product-type-simple"},"yoast_head":"<!-- This site is optimized with the Yoast SEO plugin v27.6 - https:\/\/yoast.com\/product\/yoast-seo-wordpress\/ -->\n<title>Lymfahieronta 50 min - Olo - Liikuntakeskus Naisille<\/title>\n<meta name=\"robots\" content=\"index, follow, max-snippet:-1, max-image-preview:large, max-video-preview:-1\" \/>\n<link rel=\"canonical\" href=\"https:\/\/olo.fi\/en\/product\/lymfahieronta-imukupeilla-50-min\/\" \/>\n<meta property=\"og:locale\" content=\"en_US\" \/>\n<meta property=\"og:type\" content=\"article\" \/>\n<meta property=\"og:title\" content=\"Lymfahieronta 50 min - Olo - Liikuntakeskus Naisille\" \/>\n<meta property=\"og:description\" content=\"Lymfahieronta on kehoa rauhoittava ja aineenvaihduntaa aktivoiva hoitomuoto, joka tehostaa nestekiertoa ja v\u00e4hent\u00e4\u00e4 turvotusta. Hoito tehd\u00e4\u00e4n kevyill\u00e4, rytmikk\u00e4ill\u00e4 ja hitailla otteilla. Lymfahieronta sopii erityisesti, jos sinulla on turvotusta, v\u00e4symyst\u00e4 tai kaipaat syv\u00e4\u00e4 rentoutumista. Hoito tukee palautumista ja kokonaisvaltaista hyvinvointia sek\u00e4 kehon luonnollisia puhdistusprosesseja. Kun ostat hieronnan itselle Varaa hieronta vastaanotosta tai https:\/\/olo.fi\/hieronta\/ Kun ostat hieronnan [&hellip;]\" \/>\n<meta property=\"og:url\" content=\"https:\/\/olo.fi\/en\/product\/lymfahieronta-imukupeilla-50-min\/\" \/>\n<meta property=\"og:site_name\" content=\"Olo - Liikuntakeskus Naisille\" \/>\n<meta property=\"article:modified_time\" content=\"2026-04-27T11:43:54+00:00\" \/>\n<meta property=\"og:image\" content=\"https:\/\/olo.fi\/wp-content\/uploads\/2022\/01\/Tuotekuva-Hieronta-50-800x573-1.png\" \/>\n\t<meta property=\"og:image:width\" content=\"1600\" \/>\n\t<meta property=\"og:image:height\" content=\"1146\" \/>\n\t<meta property=\"og:image:type\" content=\"image\/png\" \/>\n<meta name=\"twitter:card\" content=\"summary_large_image\" \/>\n<meta name=\"twitter:label1\" content=\"Est. reading time\" \/>\n\t<meta name=\"twitter:data1\" content=\"1 minute\" \/>\n<script type=\"application\/ld+json\" class=\"yoast-schema-graph\">{\"@context\":\"https:\\\/\\\/schema.org\",\"@graph\":[{\"@type\":\"WebPage\",\"@id\":\"https:\\\/\\\/olo.fi\\\/en\\\/product\\\/lymfahieronta-imukupeilla-50-min\\\/\",\"url\":\"https:\\\/\\\/olo.fi\\\/en\\\/product\\\/lymfahieronta-imukupeilla-50-min\\\/\",\"name\":\"Lymfahieronta 50 min - Olo - Liikuntakeskus Naisille\",\"isPartOf\":{\"@id\":\"https:\\\/\\\/olo.fi\\\/en\\\/#website\"},\"primaryImageOfPage\":{\"@id\":\"https:\\\/\\\/olo.fi\\\/en\\\/product\\\/lymfahieronta-imukupeilla-50-min\\\/#primaryimage\"},\"image\":{\"@id\":\"https:\\\/\\\/olo.fi\\\/en\\\/product\\\/lymfahieronta-imukupeilla-50-min\\\/#primaryimage\"},\"thumbnailUrl\":\"https:\\\/\\\/olo.fi\\\/wp-content\\\/uploads\\\/2022\\\/01\\\/Tuotekuva-Hieronta-50-800x573-1.png\",\"datePublished\":\"2025-05-14T08:47:33+00:00\",\"dateModified\":\"2026-04-27T11:43:54+00:00\",\"breadcrumb\":{\"@id\":\"https:\\\/\\\/olo.fi\\\/en\\\/product\\\/lymfahieronta-imukupeilla-50-min\\\/#breadcrumb\"},\"inLanguage\":\"en-US\",\"potentialAction\":[{\"@type\":\"ReadAction\",\"target\":[\"https:\\\/\\\/olo.fi\\\/en\\\/product\\\/lymfahieronta-imukupeilla-50-min\\\/\"]}]},{\"@type\":\"ImageObject\",\"inLanguage\":\"en-US\",\"@id\":\"https:\\\/\\\/olo.fi\\\/en\\\/product\\\/lymfahieronta-imukupeilla-50-min\\\/#primaryimage\",\"url\":\"https:\\\/\\\/olo.fi\\\/wp-content\\\/uploads\\\/2022\\\/01\\\/Tuotekuva-Hieronta-50-800x573-1.png\",\"contentUrl\":\"https:\\\/\\\/olo.fi\\\/wp-content\\\/uploads\\\/2022\\\/01\\\/Tuotekuva-Hieronta-50-800x573-1.png\",\"width\":1600,\"height\":1146},{\"@type\":\"BreadcrumbList\",\"@id\":\"https:\\\/\\\/olo.fi\\\/en\\\/product\\\/lymfahieronta-imukupeilla-50-min\\\/#breadcrumb\",\"itemListElement\":[{\"@type\":\"ListItem\",\"position\":1,\"name\":\"Home\",\"item\":\"https:\\\/\\\/olo.fi\\\/en\\\/\"},{\"@type\":\"ListItem\",\"position\":2,\"name\":\"Shop\",\"item\":\"https:\\\/\\\/olo.fi\\\/en\\\/shop\\\/\"},{\"@type\":\"ListItem\",\"position\":3,\"name\":\"Lymfahieronta 50 min\"}]},{\"@type\":\"WebSite\",\"@id\":\"https:\\\/\\\/olo.fi\\\/en\\\/#website\",\"url\":\"https:\\\/\\\/olo.fi\\\/en\\\/\",\"name\":\"Olo - Liikuntakeskus Naisille\",\"description\":\"Olo on uusi Liikuntakeskus Naisille\",\"publisher\":{\"@id\":\"https:\\\/\\\/olo.fi\\\/en\\\/#organization\"},\"potentialAction\":[{\"@type\":\"SearchAction\",\"target\":{\"@type\":\"EntryPoint\",\"urlTemplate\":\"https:\\\/\\\/olo.fi\\\/en\\\/?s={search_term_string}\"},\"query-input\":{\"@type\":\"PropertyValueSpecification\",\"valueRequired\":true,\"valueName\":\"search_term_string\"}}],\"inLanguage\":\"en-US\"},{\"@type\":\"Organization\",\"@id\":\"https:\\\/\\\/olo.fi\\\/en\\\/#organization\",\"name\":\"Olo - Liikuntakeskus Naisille\",\"url\":\"https:\\\/\\\/olo.fi\\\/en\\\/\",\"logo\":{\"@type\":\"ImageObject\",\"inLanguage\":\"en-US\",\"@id\":\"https:\\\/\\\/olo.fi\\\/en\\\/#\\\/schema\\\/logo\\\/image\\\/\",\"url\":\"https:\\\/\\\/olo.fi\\\/wp-content\\\/uploads\\\/2022\\\/01\\\/cropped-Olo-logo-Liikuntakeskus-Naisille-Vaaka-RGB.png\",\"contentUrl\":\"https:\\\/\\\/olo.fi\\\/wp-content\\\/uploads\\\/2022\\\/01\\\/cropped-Olo-logo-Liikuntakeskus-Naisille-Vaaka-RGB.png\",\"width\":2754,\"height\":838,\"caption\":\"Olo - Liikuntakeskus Naisille\"},\"image\":{\"@id\":\"https:\\\/\\\/olo.fi\\\/en\\\/#\\\/schema\\\/logo\\\/image\\\/\"}}]}<\/script>\n<!-- \/ Yoast SEO plugin. -->","yoast_head_json":{"title":"Lymfahieronta 50 min - Olo - Liikuntakeskus Naisille","robots":{"index":"index","follow":"follow","max-snippet":"max-snippet:-1","max-image-preview":"max-image-preview:large","max-video-preview":"max-video-preview:-1"},"canonical":"https:\/\/olo.fi\/en\/product\/lymfahieronta-imukupeilla-50-min\/","og_locale":"en_US","og_type":"article","og_title":"Lymfahieronta 50 min - Olo - Liikuntakeskus Naisille","og_description":"Lymfahieronta on kehoa rauhoittava ja aineenvaihduntaa aktivoiva hoitomuoto, joka tehostaa nestekiertoa ja v\u00e4hent\u00e4\u00e4 turvotusta. Hoito tehd\u00e4\u00e4n kevyill\u00e4, rytmikk\u00e4ill\u00e4 ja hitailla otteilla. Lymfahieronta sopii erityisesti, jos sinulla on turvotusta, v\u00e4symyst\u00e4 tai kaipaat syv\u00e4\u00e4 rentoutumista. Hoito tukee palautumista ja kokonaisvaltaista hyvinvointia sek\u00e4 kehon luonnollisia puhdistusprosesseja. Kun ostat hieronnan itselle Varaa hieronta vastaanotosta tai https:\/\/olo.fi\/hieronta\/ Kun ostat hieronnan [&hellip;]","og_url":"https:\/\/olo.fi\/en\/product\/lymfahieronta-imukupeilla-50-min\/","og_site_name":"Olo - Liikuntakeskus Naisille","article_modified_time":"2026-04-27T11:43:54+00:00","og_image":[{"width":1600,"height":1146,"url":"https:\/\/olo.fi\/wp-content\/uploads\/2022\/01\/Tuotekuva-Hieronta-50-800x573-1.png","type":"image\/png"}],"twitter_card":"summary_large_image","twitter_misc":{"Est. reading time":"1 minute"},"schema":{"@context":"https:\/\/schema.org","@graph":[{"@type":"WebPage","@id":"https:\/\/olo.fi\/en\/product\/lymfahieronta-imukupeilla-50-min\/","url":"https:\/\/olo.fi\/en\/product\/lymfahieronta-imukupeilla-50-min\/","name":"Lymfahieronta 50 min - Olo - Liikuntakeskus Naisille","isPartOf":{"@id":"https:\/\/olo.fi\/en\/#website"},"primaryImageOfPage":{"@id":"https:\/\/olo.fi\/en\/product\/lymfahieronta-imukupeilla-50-min\/#primaryimage"},"image":{"@id":"https:\/\/olo.fi\/en\/product\/lymfahieronta-imukupeilla-50-min\/#primaryimage"},"thumbnailUrl":"https:\/\/olo.fi\/wp-content\/uploads\/2022\/01\/Tuotekuva-Hieronta-50-800x573-1.png","datePublished":"2025-05-14T08:47:33+00:00","dateModified":"2026-04-27T11:43:54+00:00","breadcrumb":{"@id":"https:\/\/olo.fi\/en\/product\/lymfahieronta-imukupeilla-50-min\/#breadcrumb"},"inLanguage":"en-US","potentialAction":[{"@type":"ReadAction","target":["https:\/\/olo.fi\/en\/product\/lymfahieronta-imukupeilla-50-min\/"]}]},{"@type":"ImageObject","inLanguage":"en-US","@id":"https:\/\/olo.fi\/en\/product\/lymfahieronta-imukupeilla-50-min\/#primaryimage","url":"https:\/\/olo.fi\/wp-content\/uploads\/2022\/01\/Tuotekuva-Hieronta-50-800x573-1.png","contentUrl":"https:\/\/olo.fi\/wp-content\/uploads\/2022\/01\/Tuotekuva-Hieronta-50-800x573-1.png","width":1600,"height":1146},{"@type":"BreadcrumbList","@id":"https:\/\/olo.fi\/en\/product\/lymfahieronta-imukupeilla-50-min\/#breadcrumb","itemListElement":[{"@type":"ListItem","position":1,"name":"Home","item":"https:\/\/olo.fi\/en\/"},{"@type":"ListItem","position":2,"name":"Shop","item":"https:\/\/olo.fi\/en\/shop\/"},{"@type":"ListItem","position":3,"name":"Lymfahieronta 50 min"}]},{"@type":"WebSite","@id":"https:\/\/olo.fi\/en\/#website","url":"https:\/\/olo.fi\/en\/","name":"Olo - Liikuntakeskus Naisille","description":"Olo on uusi Liikuntakeskus Naisille","publisher":{"@id":"https:\/\/olo.fi\/en\/#organization"},"potentialAction":[{"@type":"SearchAction","target":{"@type":"EntryPoint","urlTemplate":"https:\/\/olo.fi\/en\/?s={search_term_string}"},"query-input":{"@type":"PropertyValueSpecification","valueRequired":true,"valueName":"search_term_string"}}],"inLanguage":"en-US"},{"@type":"Organization","@id":"https:\/\/olo.fi\/en\/#organization","name":"Olo - Liikuntakeskus Naisille","url":"https:\/\/olo.fi\/en\/","logo":{"@type":"ImageObject","inLanguage":"en-US","@id":"https:\/\/olo.fi\/en\/#\/schema\/logo\/image\/","url":"https:\/\/olo.fi\/wp-content\/uploads\/2022\/01\/cropped-Olo-logo-Liikuntakeskus-Naisille-Vaaka-RGB.png","contentUrl":"https:\/\/olo.fi\/wp-content\/uploads\/2022\/01\/cropped-Olo-logo-Liikuntakeskus-Naisille-Vaaka-RGB.png","width":2754,"height":838,"caption":"Olo - Liikuntakeskus Naisille"},"image":{"@id":"https:\/\/olo.fi\/en\/#\/schema\/logo\/image\/"}}]}},"_links":{"self":[{"href":"https:\/\/olo.fi\/en\/wp-json\/wp\/v2\/product\/12532","targetHints":{"allow":["GET"]}}],"collection":[{"href":"https:\/\/olo.fi\/en\/wp-json\/wp\/v2\/product"}],"about":[{"href":"https:\/\/olo.fi\/en\/wp-json\/wp\/v2\/types\/product"}],"wp:featuredmedia":[{"embeddable":true,"href":"https:\/\/olo.fi\/en\/wp-json\/wp\/v2\/media\/1912"}],"wp:attachment":[{"href":"https:\/\/olo.fi\/en\/wp-json\/wp\/v2\/media?parent=12532"}],"wp:term":[{"taxonomy":"product_brand","embeddable":true,"href":"https:\/\/olo.fi\/en\/wp-json\/wp\/v2\/product_brand?post=12532"},{"taxonomy":"product_cat","embeddable":true,"href":"https:\/\/olo.fi\/en\/wp-json\/wp\/v2\/product_cat?post=12532"},{"taxonomy":"product_tag","embeddable":true,"href":"https:\/\/olo.fi\/en\/wp-json\/wp\/v2\/product_tag?post=12532"}],"curies":[{"name":"wp","href":"https:\/\/api.w.org\/{rel}","templated":true}]}}