{"id":13690,"date":"2025-11-20T15:24:08","date_gmt":"2025-11-20T13:24:08","guid":{"rendered":"https:\/\/olo.fi\/?post_type=product&#038;p=13690"},"modified":"2025-12-01T11:21:56","modified_gmt":"2025-12-01T09:21:56","slug":"kylpypyyhe-olo-logolla","status":"publish","type":"product","link":"http:\/\/olo.fi\/en\/product\/kylpypyyhe-olo-logolla\/","title":{"rendered":"Kylpypyyhe Olo-logolla"},"content":{"rendered":"<p>Ihanan ylellinen ja iso kylpypyyhe, jossa Olo-logo. V\u00e4ri fuksian pinkki.<\/p>\n<p>Ostaessasi pyyhkeen verkkokaupasta, voit tulla noutamaan pyyhkeen Olon vastaanotosta.<\/p>\n<p>Huomaathan, ett\u00e4 emme voi l\u00e4hett\u00e4\u00e4 tuotetta postitse.<\/p>\n<p>Asiakaspalvelumme on avoinna arkisin ma-to klo 14.00-19.00 sek\u00e4 pe klo 12.00-16.00.<\/p>\n","protected":false},"excerpt":{"rendered":"<p>Ihanan ylellinen ja iso kylpypyyhe, jossa Olo-logo. V\u00e4ri fuksian pinkki. Ostaessasi pyyhkeen verkkokaupasta, voit tulla noutamaan pyyhkeen Olon vastaanotosta. Huomaathan, ett\u00e4 emme voi l\u00e4hett\u00e4\u00e4 tuotetta postitse. Asiakaspalvelumme on avoinna arkisin ma-to klo 14.00-19.00 sek\u00e4 pe klo 12.00-16.00.<\/p>\n","protected":false},"featured_media":13671,"template":"","meta":{"_improvement_type_select":"improve_an_existing","_thumb_yes_seoaic":false,"_frame_yes_seoaic":false,"seoaic_generate_description":"","seoaic_improve_instructions_prompt":"","seoaic_rollback_content_improvement":"","seoaic_idea_thumbnail_generator":"","thumbnail_generated":false,"thumbnail_generate_prompt":"","seoaic_article_description":""},"product_brand":[],"product_cat":[32],"product_tag":[],"class_list":{"0":"post-13690","1":"product","2":"type-product","3":"status-publish","4":"has-post-thumbnail","6":"product_cat-asiakkuudet","8":"first","9":"instock","10":"sale","11":"taxable","12":"shipping-taxable","13":"purchasable","14":"product-type-simple"},"yoast_head":"<!-- This site is optimized with the Yoast SEO plugin v27.4 - https:\/\/yoast.com\/product\/yoast-seo-wordpress\/ -->\n<title>Kylpypyyhe Olo-logolla - Olo - Liikuntakeskus Naisille<\/title>\n<meta name=\"robots\" content=\"index, follow, max-snippet:-1, max-image-preview:large, max-video-preview:-1\" \/>\n<link rel=\"canonical\" href=\"http:\/\/olo.fi\/en\/product\/kylpypyyhe-olo-logolla\/\" \/>\n<meta property=\"og:locale\" content=\"en_US\" \/>\n<meta property=\"og:type\" content=\"article\" \/>\n<meta property=\"og:title\" content=\"Kylpypyyhe Olo-logolla - Olo - Liikuntakeskus Naisille\" \/>\n<meta property=\"og:description\" content=\"Ihanan ylellinen ja iso kylpypyyhe, jossa Olo-logo. V\u00e4ri fuksian pinkki. Ostaessasi pyyhkeen verkkokaupasta, voit tulla noutamaan pyyhkeen Olon vastaanotosta. Huomaathan, ett\u00e4 emme voi l\u00e4hett\u00e4\u00e4 tuotetta postitse. Asiakaspalvelumme on avoinna arkisin ma-to klo 14.00-19.00 sek\u00e4 pe klo 12.00-16.00.\" \/>\n<meta property=\"og:url\" content=\"http:\/\/olo.fi\/en\/product\/kylpypyyhe-olo-logolla\/\" \/>\n<meta property=\"og:site_name\" content=\"Olo - Liikuntakeskus Naisille\" \/>\n<meta property=\"article:modified_time\" content=\"2025-12-01T09:21:56+00:00\" \/>\n<meta property=\"og:image\" content=\"https:\/\/olo.fi\/wp-content\/uploads\/2022\/01\/Olo-Black-Friday-1200x12001-2.jpg\" \/>\n\t<meta property=\"og:image:width\" content=\"1200\" \/>\n\t<meta property=\"og:image:height\" content=\"1200\" \/>\n\t<meta property=\"og:image:type\" content=\"image\/jpeg\" \/>\n<meta name=\"twitter:card\" content=\"summary_large_image\" \/>\n<meta name=\"twitter:label1\" content=\"Est. reading time\" \/>\n\t<meta name=\"twitter:data1\" content=\"1 minute\" \/>\n<script type=\"application\/ld+json\" class=\"yoast-schema-graph\">{\"@context\":\"https:\\\/\\\/schema.org\",\"@graph\":[{\"@type\":\"WebPage\",\"@id\":\"http:\\\/\\\/olo.fi\\\/en\\\/product\\\/kylpypyyhe-olo-logolla\\\/\",\"url\":\"http:\\\/\\\/olo.fi\\\/en\\\/product\\\/kylpypyyhe-olo-logolla\\\/\",\"name\":\"Kylpypyyhe Olo-logolla - Olo - Liikuntakeskus Naisille\",\"isPartOf\":{\"@id\":\"https:\\\/\\\/olo.fi\\\/en\\\/#website\"},\"primaryImageOfPage\":{\"@id\":\"http:\\\/\\\/olo.fi\\\/en\\\/product\\\/kylpypyyhe-olo-logolla\\\/#primaryimage\"},\"image\":{\"@id\":\"http:\\\/\\\/olo.fi\\\/en\\\/product\\\/kylpypyyhe-olo-logolla\\\/#primaryimage\"},\"thumbnailUrl\":\"http:\\\/\\\/olo.fi\\\/wp-content\\\/uploads\\\/2022\\\/01\\\/Olo-Black-Friday-1200x12001-2.jpg\",\"datePublished\":\"2025-11-20T13:24:08+00:00\",\"dateModified\":\"2025-12-01T09:21:56+00:00\",\"breadcrumb\":{\"@id\":\"http:\\\/\\\/olo.fi\\\/en\\\/product\\\/kylpypyyhe-olo-logolla\\\/#breadcrumb\"},\"inLanguage\":\"en-US\",\"potentialAction\":[{\"@type\":\"ReadAction\",\"target\":[\"http:\\\/\\\/olo.fi\\\/en\\\/product\\\/kylpypyyhe-olo-logolla\\\/\"]}]},{\"@type\":\"ImageObject\",\"inLanguage\":\"en-US\",\"@id\":\"http:\\\/\\\/olo.fi\\\/en\\\/product\\\/kylpypyyhe-olo-logolla\\\/#primaryimage\",\"url\":\"http:\\\/\\\/olo.fi\\\/wp-content\\\/uploads\\\/2022\\\/01\\\/Olo-Black-Friday-1200x12001-2.jpg\",\"contentUrl\":\"http:\\\/\\\/olo.fi\\\/wp-content\\\/uploads\\\/2022\\\/01\\\/Olo-Black-Friday-1200x12001-2.jpg\",\"width\":1200,\"height\":1200},{\"@type\":\"BreadcrumbList\",\"@id\":\"http:\\\/\\\/olo.fi\\\/en\\\/product\\\/kylpypyyhe-olo-logolla\\\/#breadcrumb\",\"itemListElement\":[{\"@type\":\"ListItem\",\"position\":1,\"name\":\"Home\",\"item\":\"https:\\\/\\\/olo.fi\\\/en\\\/\"},{\"@type\":\"ListItem\",\"position\":2,\"name\":\"Shop\",\"item\":\"https:\\\/\\\/olo.fi\\\/en\\\/shop\\\/\"},{\"@type\":\"ListItem\",\"position\":3,\"name\":\"Kylpypyyhe Olo-logolla\"}]},{\"@type\":\"WebSite\",\"@id\":\"https:\\\/\\\/olo.fi\\\/en\\\/#website\",\"url\":\"https:\\\/\\\/olo.fi\\\/en\\\/\",\"name\":\"Olo - Liikuntakeskus Naisille\",\"description\":\"Olo on uusi Liikuntakeskus Naisille\",\"publisher\":{\"@id\":\"https:\\\/\\\/olo.fi\\\/en\\\/#organization\"},\"potentialAction\":[{\"@type\":\"SearchAction\",\"target\":{\"@type\":\"EntryPoint\",\"urlTemplate\":\"https:\\\/\\\/olo.fi\\\/en\\\/?s={search_term_string}\"},\"query-input\":{\"@type\":\"PropertyValueSpecification\",\"valueRequired\":true,\"valueName\":\"search_term_string\"}}],\"inLanguage\":\"en-US\"},{\"@type\":\"Organization\",\"@id\":\"https:\\\/\\\/olo.fi\\\/en\\\/#organization\",\"name\":\"Olo - Liikuntakeskus Naisille\",\"url\":\"https:\\\/\\\/olo.fi\\\/en\\\/\",\"logo\":{\"@type\":\"ImageObject\",\"inLanguage\":\"en-US\",\"@id\":\"https:\\\/\\\/olo.fi\\\/en\\\/#\\\/schema\\\/logo\\\/image\\\/\",\"url\":\"http:\\\/\\\/olo.fi\\\/wp-content\\\/uploads\\\/2022\\\/01\\\/cropped-Olo-logo-Liikuntakeskus-Naisille-Vaaka-RGB.png\",\"contentUrl\":\"http:\\\/\\\/olo.fi\\\/wp-content\\\/uploads\\\/2022\\\/01\\\/cropped-Olo-logo-Liikuntakeskus-Naisille-Vaaka-RGB.png\",\"width\":2754,\"height\":838,\"caption\":\"Olo - Liikuntakeskus Naisille\"},\"image\":{\"@id\":\"https:\\\/\\\/olo.fi\\\/en\\\/#\\\/schema\\\/logo\\\/image\\\/\"}}]}<\/script>\n<!-- \/ Yoast SEO plugin. -->","yoast_head_json":{"title":"Kylpypyyhe Olo-logolla - Olo - Liikuntakeskus Naisille","robots":{"index":"index","follow":"follow","max-snippet":"max-snippet:-1","max-image-preview":"max-image-preview:large","max-video-preview":"max-video-preview:-1"},"canonical":"http:\/\/olo.fi\/en\/product\/kylpypyyhe-olo-logolla\/","og_locale":"en_US","og_type":"article","og_title":"Kylpypyyhe Olo-logolla - Olo - Liikuntakeskus Naisille","og_description":"Ihanan ylellinen ja iso kylpypyyhe, jossa Olo-logo. V\u00e4ri fuksian pinkki. Ostaessasi pyyhkeen verkkokaupasta, voit tulla noutamaan pyyhkeen Olon vastaanotosta. Huomaathan, ett\u00e4 emme voi l\u00e4hett\u00e4\u00e4 tuotetta postitse. Asiakaspalvelumme on avoinna arkisin ma-to klo 14.00-19.00 sek\u00e4 pe klo 12.00-16.00.","og_url":"http:\/\/olo.fi\/en\/product\/kylpypyyhe-olo-logolla\/","og_site_name":"Olo - Liikuntakeskus Naisille","article_modified_time":"2025-12-01T09:21:56+00:00","og_image":[{"width":1200,"height":1200,"url":"https:\/\/olo.fi\/wp-content\/uploads\/2022\/01\/Olo-Black-Friday-1200x12001-2.jpg","type":"image\/jpeg"}],"twitter_card":"summary_large_image","twitter_misc":{"Est. reading time":"1 minute"},"schema":{"@context":"https:\/\/schema.org","@graph":[{"@type":"WebPage","@id":"http:\/\/olo.fi\/en\/product\/kylpypyyhe-olo-logolla\/","url":"http:\/\/olo.fi\/en\/product\/kylpypyyhe-olo-logolla\/","name":"Kylpypyyhe Olo-logolla - Olo - Liikuntakeskus Naisille","isPartOf":{"@id":"https:\/\/olo.fi\/en\/#website"},"primaryImageOfPage":{"@id":"http:\/\/olo.fi\/en\/product\/kylpypyyhe-olo-logolla\/#primaryimage"},"image":{"@id":"http:\/\/olo.fi\/en\/product\/kylpypyyhe-olo-logolla\/#primaryimage"},"thumbnailUrl":"http:\/\/olo.fi\/wp-content\/uploads\/2022\/01\/Olo-Black-Friday-1200x12001-2.jpg","datePublished":"2025-11-20T13:24:08+00:00","dateModified":"2025-12-01T09:21:56+00:00","breadcrumb":{"@id":"http:\/\/olo.fi\/en\/product\/kylpypyyhe-olo-logolla\/#breadcrumb"},"inLanguage":"en-US","potentialAction":[{"@type":"ReadAction","target":["http:\/\/olo.fi\/en\/product\/kylpypyyhe-olo-logolla\/"]}]},{"@type":"ImageObject","inLanguage":"en-US","@id":"http:\/\/olo.fi\/en\/product\/kylpypyyhe-olo-logolla\/#primaryimage","url":"http:\/\/olo.fi\/wp-content\/uploads\/2022\/01\/Olo-Black-Friday-1200x12001-2.jpg","contentUrl":"http:\/\/olo.fi\/wp-content\/uploads\/2022\/01\/Olo-Black-Friday-1200x12001-2.jpg","width":1200,"height":1200},{"@type":"BreadcrumbList","@id":"http:\/\/olo.fi\/en\/product\/kylpypyyhe-olo-logolla\/#breadcrumb","itemListElement":[{"@type":"ListItem","position":1,"name":"Home","item":"https:\/\/olo.fi\/en\/"},{"@type":"ListItem","position":2,"name":"Shop","item":"https:\/\/olo.fi\/en\/shop\/"},{"@type":"ListItem","position":3,"name":"Kylpypyyhe Olo-logolla"}]},{"@type":"WebSite","@id":"https:\/\/olo.fi\/en\/#website","url":"https:\/\/olo.fi\/en\/","name":"Olo - Liikuntakeskus Naisille","description":"Olo on uusi Liikuntakeskus Naisille","publisher":{"@id":"https:\/\/olo.fi\/en\/#organization"},"potentialAction":[{"@type":"SearchAction","target":{"@type":"EntryPoint","urlTemplate":"https:\/\/olo.fi\/en\/?s={search_term_string}"},"query-input":{"@type":"PropertyValueSpecification","valueRequired":true,"valueName":"search_term_string"}}],"inLanguage":"en-US"},{"@type":"Organization","@id":"https:\/\/olo.fi\/en\/#organization","name":"Olo - Liikuntakeskus Naisille","url":"https:\/\/olo.fi\/en\/","logo":{"@type":"ImageObject","inLanguage":"en-US","@id":"https:\/\/olo.fi\/en\/#\/schema\/logo\/image\/","url":"http:\/\/olo.fi\/wp-content\/uploads\/2022\/01\/cropped-Olo-logo-Liikuntakeskus-Naisille-Vaaka-RGB.png","contentUrl":"http:\/\/olo.fi\/wp-content\/uploads\/2022\/01\/cropped-Olo-logo-Liikuntakeskus-Naisille-Vaaka-RGB.png","width":2754,"height":838,"caption":"Olo - Liikuntakeskus Naisille"},"image":{"@id":"https:\/\/olo.fi\/en\/#\/schema\/logo\/image\/"}}]}},"_links":{"self":[{"href":"http:\/\/olo.fi\/en\/wp-json\/wp\/v2\/product\/13690","targetHints":{"allow":["GET"]}}],"collection":[{"href":"http:\/\/olo.fi\/en\/wp-json\/wp\/v2\/product"}],"about":[{"href":"http:\/\/olo.fi\/en\/wp-json\/wp\/v2\/types\/product"}],"wp:featuredmedia":[{"embeddable":true,"href":"http:\/\/olo.fi\/en\/wp-json\/wp\/v2\/media\/13671"}],"wp:attachment":[{"href":"http:\/\/olo.fi\/en\/wp-json\/wp\/v2\/media?parent=13690"}],"wp:term":[{"taxonomy":"product_brand","embeddable":true,"href":"http:\/\/olo.fi\/en\/wp-json\/wp\/v2\/product_brand?post=13690"},{"taxonomy":"product_cat","embeddable":true,"href":"http:\/\/olo.fi\/en\/wp-json\/wp\/v2\/product_cat?post=13690"},{"taxonomy":"product_tag","embeddable":true,"href":"http:\/\/olo.fi\/en\/wp-json\/wp\/v2\/product_tag?post=13690"}],"curies":[{"name":"wp","href":"https:\/\/api.w.org\/{rel}","templated":true}]}}